{"id":81,"date":"2014-02-04T14:22:17","date_gmt":"2014-02-04T12:22:17","guid":{"rendered":"http:\/\/healing-pyramid-center.com\/?page_id=81"},"modified":"2019-09-02T09:17:41","modified_gmt":"2019-09-02T07:17:41","slug":"test","status":"publish","type":"page","link":"https:\/\/healing-pyramid-center.com\/?page_id=81","title":{"rendered":"Guest Comments"},"content":{"rendered":"<p><img loading=\"lazy\" decoding=\"async\" class=\"aligncenter wp-image-33\" src=\"https:\/\/healing-pyramid-center.com\/wp-content\/uploads\/2013\/07\/PHI-Logo.-265x300.jpg\" alt=\"PHI-Logo.\" width=\"140\" height=\"159\" srcset=\"https:\/\/healing-pyramid-center.com\/wp-content\/uploads\/2013\/07\/PHI-Logo.-265x300.jpg 265w, https:\/\/healing-pyramid-center.com\/wp-content\/uploads\/2013\/07\/PHI-Logo..jpg 344w\" sizes=\"auto, (max-width: 140px) 100vw, 140px\" \/><\/p>\n<p>2019<\/p>\n<p><img loading=\"lazy\" decoding=\"async\" class=\"aligncenter wp-image-319\" src=\"https:\/\/healing-pyramid-center.com\/wp-content\/uploads\/2019\/04\/Scan1.jpg\" alt=\"Customer recommendation\" width=\"636\" height=\"872\" \/><\/p>\n<p><img loading=\"lazy\" decoding=\"async\" class=\"aligncenter wp-image-321 size-full\" src=\"https:\/\/healing-pyramid-center.com\/wp-content\/uploads\/2019\/04\/Scan2.jpg\" alt=\"Letter from Customer about Dolphin Course\" width=\"1000\" height=\"1379\" srcset=\"https:\/\/healing-pyramid-center.com\/wp-content\/uploads\/2019\/04\/Scan2.jpg 1000w, https:\/\/healing-pyramid-center.com\/wp-content\/uploads\/2019\/04\/Scan2-218x300.jpg 218w, https:\/\/healing-pyramid-center.com\/wp-content\/uploads\/2019\/04\/Scan2-768x1059.jpg 768w, https:\/\/healing-pyramid-center.com\/wp-content\/uploads\/2019\/04\/Scan2-743x1024.jpg 743w\" sizes=\"auto, (max-width: 1000px) 100vw, 1000px\" \/><\/p>\n<p><img loading=\"lazy\" decoding=\"async\" class=\"aligncenter size-full wp-image-323\" src=\"https:\/\/healing-pyramid-center.com\/wp-content\/uploads\/2019\/04\/Scan3.jpg\" alt=\"Letter from a Customer about Workshop\" width=\"1000\" height=\"1379\" srcset=\"https:\/\/healing-pyramid-center.com\/wp-content\/uploads\/2019\/04\/Scan3.jpg 1000w, https:\/\/healing-pyramid-center.com\/wp-content\/uploads\/2019\/04\/Scan3-218x300.jpg 218w, https:\/\/healing-pyramid-center.com\/wp-content\/uploads\/2019\/04\/Scan3-768x1059.jpg 768w, https:\/\/healing-pyramid-center.com\/wp-content\/uploads\/2019\/04\/Scan3-743x1024.jpg 743w\" sizes=\"auto, (max-width: 1000px) 100vw, 1000px\" \/><\/p>\n<p><img loading=\"lazy\" decoding=\"async\" class=\"aligncenter size-full wp-image-325\" src=\"https:\/\/healing-pyramid-center.com\/wp-content\/uploads\/2019\/04\/Scan4.jpg\" alt=\"From Customer\" width=\"1000\" height=\"312\" srcset=\"https:\/\/healing-pyramid-center.com\/wp-content\/uploads\/2019\/04\/Scan4.jpg 1000w, https:\/\/healing-pyramid-center.com\/wp-content\/uploads\/2019\/04\/Scan4-300x94.jpg 300w, https:\/\/healing-pyramid-center.com\/wp-content\/uploads\/2019\/04\/Scan4-768x240.jpg 768w, https:\/\/healing-pyramid-center.com\/wp-content\/uploads\/2019\/04\/Scan4-500x156.jpg 500w\" sizes=\"auto, (max-width: 1000px) 100vw, 1000px\" \/><\/p>\n<p><img loading=\"lazy\" decoding=\"async\" class=\"aligncenter wp-image-327 size-full\" src=\"https:\/\/healing-pyramid-center.com\/wp-content\/uploads\/2019\/04\/Scan5.jpg\" alt=\"Thank you letter from Eve Apprill\" width=\"1000\" height=\"506\" srcset=\"https:\/\/healing-pyramid-center.com\/wp-content\/uploads\/2019\/04\/Scan5.jpg 1000w, https:\/\/healing-pyramid-center.com\/wp-content\/uploads\/2019\/04\/Scan5-300x152.jpg 300w, https:\/\/healing-pyramid-center.com\/wp-content\/uploads\/2019\/04\/Scan5-768x389.jpg 768w, https:\/\/healing-pyramid-center.com\/wp-content\/uploads\/2019\/04\/Scan5-500x253.jpg 500w\" sizes=\"auto, (max-width: 1000px) 100vw, 1000px\" \/><\/p>\n<p><img loading=\"lazy\" decoding=\"async\" class=\"aligncenter size-full wp-image-329\" src=\"https:\/\/healing-pyramid-center.com\/wp-content\/uploads\/2019\/04\/Scan6.jpg\" alt=\"Text from a client\" width=\"1000\" height=\"1379\" srcset=\"https:\/\/healing-pyramid-center.com\/wp-content\/uploads\/2019\/04\/Scan6.jpg 1000w, https:\/\/healing-pyramid-center.com\/wp-content\/uploads\/2019\/04\/Scan6-218x300.jpg 218w, https:\/\/healing-pyramid-center.com\/wp-content\/uploads\/2019\/04\/Scan6-768x1059.jpg 768w, https:\/\/healing-pyramid-center.com\/wp-content\/uploads\/2019\/04\/Scan6-743x1024.jpg 743w\" sizes=\"auto, (max-width: 1000px) 100vw, 1000px\" \/><\/p>\n<p><img loading=\"lazy\" decoding=\"async\" class=\"aligncenter size-full wp-image-331\" src=\"https:\/\/healing-pyramid-center.com\/wp-content\/uploads\/2019\/04\/Scan7.jpg\" alt=\"Healing Pyramid Center\" width=\"1000\" height=\"1379\" srcset=\"https:\/\/healing-pyramid-center.com\/wp-content\/uploads\/2019\/04\/Scan7.jpg 1000w, https:\/\/healing-pyramid-center.com\/wp-content\/uploads\/2019\/04\/Scan7-218x300.jpg 218w, https:\/\/healing-pyramid-center.com\/wp-content\/uploads\/2019\/04\/Scan7-768x1059.jpg 768w, https:\/\/healing-pyramid-center.com\/wp-content\/uploads\/2019\/04\/Scan7-743x1024.jpg 743w\" sizes=\"auto, (max-width: 1000px) 100vw, 1000px\" \/><\/p>\n<p>&nbsp;<\/p>\n<p>&nbsp;<\/p>\n<div>\n<div>\n<p>Bonjour Andreas<\/p>\n<p>ce mail pour te dire encore merci pour cette belle semaine de rencontre depuis nos coeurs avec les coeurs des \u00eatres qui (animal, v\u00e9g\u00e9tal, humain&#8230;) peuplent la Terre.<br \/>\nMerci pour tout ce que fait au service de Dieu pour la terre.<br \/>\nMerci a shirley, discret et pourtant si pr\u00e9sent, vous \u00e8tes beaux tous les deux, pr\u00e9servez vous d&#8217;\u00e9gal a \u00e9gal.<\/p>\n<p>ce voyage a transformer ma vie je crois !<\/p>\n<p>je t&#8217;envoie quelques photos de chez toi et vous embrasse toi et shirley<br \/>\nau plaisir de vous revoir<\/p>\n<p>Emmanuelle<\/p>\n<p>Dear Andreas,<\/p>\n<p>I arrived at my home safety.<br \/>\nThank you very much wonderful experience.<br \/>\nI Could share your workshop with everyone.<br \/>\nI am grad and very happy.<br \/>\nI am looking forward to see you again in Tokyo.<br \/>\nI love you,Andreas.<br \/>\nWith Metta<\/p>\n<p>Midori<\/p>\n<p>Dear Andreas,<br \/>\nThank you very much for an amazing course ! There is so much to thank you for that I do not know where to start !! Everything about the course was incredibly special. I hope we can be in contact soon.<br \/>\nLook after yourself !!<\/p>\n<p>Much love,<\/p>\n<p>Erikx<\/p>\n<\/div>\n<\/div>\n","protected":false},"excerpt":{"rendered":"<p>2019 &nbsp; &nbsp; Bonjour Andreas ce mail pour te dire encore merci pour cette belle semaine de rencontre depuis nos coeurs avec les coeurs des \u00eatres qui (animal, v\u00e9g\u00e9tal, humain&#8230;) peuplent la Terre. Merci pour tout ce que fait au service de Dieu pour la terre. Merci a shirley, discret et pourtant si pr\u00e9sent, vous&hellip;<a href=\"https:\/\/healing-pyramid-center.com\/?page_id=81\" class=\"button\">Read more <span class=\"screen-reader-text\">Guest Comments<\/span><\/a><\/p>\n","protected":false},"author":1,"featured_media":33,"parent":0,"menu_order":3,"comment_status":"closed","ping_status":"closed","template":"","meta":{"footnotes":""},"class_list":["post-81","page","type-page","status-publish","has-post-thumbnail","hentry"],"_links":{"self":[{"href":"https:\/\/healing-pyramid-center.com\/index.php?rest_route=\/wp\/v2\/pages\/81","targetHints":{"allow":["GET"]}}],"collection":[{"href":"https:\/\/healing-pyramid-center.com\/index.php?rest_route=\/wp\/v2\/pages"}],"about":[{"href":"https:\/\/healing-pyramid-center.com\/index.php?rest_route=\/wp\/v2\/types\/page"}],"author":[{"embeddable":true,"href":"https:\/\/healing-pyramid-center.com\/index.php?rest_route=\/wp\/v2\/users\/1"}],"replies":[{"embeddable":true,"href":"https:\/\/healing-pyramid-center.com\/index.php?rest_route=%2Fwp%2Fv2%2Fcomments&post=81"}],"version-history":[{"count":21,"href":"https:\/\/healing-pyramid-center.com\/index.php?rest_route=\/wp\/v2\/pages\/81\/revisions"}],"predecessor-version":[{"id":377,"href":"https:\/\/healing-pyramid-center.com\/index.php?rest_route=\/wp\/v2\/pages\/81\/revisions\/377"}],"wp:featuredmedia":[{"embeddable":true,"href":"https:\/\/healing-pyramid-center.com\/index.php?rest_route=\/wp\/v2\/media\/33"}],"wp:attachment":[{"href":"https:\/\/healing-pyramid-center.com\/index.php?rest_route=%2Fwp%2Fv2%2Fmedia&parent=81"}],"curies":[{"name":"wp","href":"https:\/\/api.w.org\/{rel}","templated":true}]}}