{"id":154,"date":"2015-02-12T17:06:10","date_gmt":"2015-02-12T15:06:10","guid":{"rendered":"http:\/\/healing-pyramid-center.com\/?page_id=154"},"modified":"2022-09-13T13:47:26","modified_gmt":"2022-09-13T11:47:26","slug":"espanol","status":"publish","type":"page","link":"https:\/\/healing-pyramid-center.com\/?page_id=154","title":{"rendered":"Espa\u00f1ol"},"content":{"rendered":"<p><img loading=\"lazy\" decoding=\"async\" class=\"alignnone size-medium wp-image-33\" src=\"https:\/\/healing-pyramid-center.com\/wp-content\/uploads\/2013\/07\/PHI-Logo.-265x300.jpg\" alt=\"PHI-Logo.\" width=\"99\" height=\"113\" srcset=\"https:\/\/healing-pyramid-center.com\/wp-content\/uploads\/2013\/07\/PHI-Logo.-265x300.jpg 265w, https:\/\/healing-pyramid-center.com\/wp-content\/uploads\/2013\/07\/PHI-Logo..jpg 344w\" sizes=\"auto, (max-width: 99px) 100vw, 99px\" \/><\/p>\n<p><img loading=\"lazy\" decoding=\"async\" class=\"aligncenter wp-image-93 size-large\" src=\"https:\/\/healing-pyramid-center.com\/wp-content\/uploads\/2013\/07\/healingpyramid-1024x468.jpg\" alt=\"\" width=\"640\" height=\"293\" srcset=\"https:\/\/healing-pyramid-center.com\/wp-content\/uploads\/2013\/07\/healingpyramid-1024x468.jpg 1024w, https:\/\/healing-pyramid-center.com\/wp-content\/uploads\/2013\/07\/healingpyramid-300x137.jpg 300w, https:\/\/healing-pyramid-center.com\/wp-content\/uploads\/2013\/07\/healingpyramid.jpg 1500w\" sizes=\"auto, (max-width: 640px) 100vw, 640px\" \/><\/p>\n<p><img loading=\"lazy\" decoding=\"async\" class=\"aligncenter wp-image-92 size-full\" src=\"https:\/\/healing-pyramid-center.com\/wp-content\/uploads\/2013\/07\/HLTFrau2.jpg\" alt=\"HLTFrau2\" width=\"754\" height=\"159\" srcset=\"https:\/\/healing-pyramid-center.com\/wp-content\/uploads\/2013\/07\/HLTFrau2.jpg 754w, https:\/\/healing-pyramid-center.com\/wp-content\/uploads\/2013\/07\/HLTFrau2-300x63.jpg 300w\" sizes=\"auto, (max-width: 754px) 100vw, 754px\" \/><\/p>\n<p>&nbsp;<\/p>\n<p>&nbsp;<\/p>\n<p>&nbsp;<\/p>\n<p>&nbsp;<\/p>\n<p><strong>Encuentro con los Delfines, Tenerife<\/strong><\/p>\n<p>13-17 de febrero 2023, Espa\u00f1ol<\/p>\n<p style=\"text-align: left;\"><span style=\"color: #000080;\">Nuevo: En una antigua chapilla encima de una pyramide historica tenemeos la posibilidad de tratamientos individuales con el HLT\u00ae despues del curso (80 EUROS).<\/span><\/p>\n<p>&nbsp;<\/p>\n<p><a href=\"https:\/\/www.youtube.com\/watch?v=UXCqUD82whU\">https:\/\/www.youtube.com\/watch?v=UXCqUD82whU<\/a><\/p>\n<p>&nbsp;<\/p>\n<p>Curso experiencial en la naturaleza<br \/>\n5 d\u00edas para descubrir la ENERGIA de los DELFINES y la BIODIVERSIDAD de la ISLA<br \/>\nEl curso puede ser en espa\u00f1ol por aprox. 10 personas<\/p>\n<p>&nbsp;<\/p>\n<p><strong>Programa :<\/strong><br \/>\n\u2022 El curso empieza lunes a las 10 horas<br \/>\n\u2022 Trabajaremos con esencias florales de Canarias, los elixires del Mar, Delph \u00ae, Ballena, y Delf\u00edn rosado.<br \/>\n\u2022 Haremos excursiones para conocer la vegetaci\u00f3n y la biodiverdidad de la isla. Tambi\u00e9n una excursi\u00f3n al Teide!<br \/>\n\u2022 Visitaremos las Pir\u00e1mides de G\u00fcimar en el parque etnol\u00f3gico.<br \/>\n\u2022 Paseo en barco para conocer a los delfines y las ballenas, respetando su espacio, estaremos<br \/>\nlo m\u00e1s cerca que ellos nos lo permitan.<\/p>\n<p>Parque ethnologico Canarina canarinsis El Teide<\/p>\n<p>&nbsp;<\/p>\n<p style=\"text-align: center;\"><img loading=\"lazy\" decoding=\"async\" class=\"aligncenter wp-image-93 size-large\" src=\"https:\/\/healing-pyramid-center.com\/wp-content\/uploads\/2013\/07\/healingpyramid-1024x468.jpg\" alt=\"healingpyramid\" width=\"1024\" height=\"468\" srcset=\"https:\/\/healing-pyramid-center.com\/wp-content\/uploads\/2013\/07\/healingpyramid-1024x468.jpg 1024w, https:\/\/healing-pyramid-center.com\/wp-content\/uploads\/2013\/07\/healingpyramid-300x137.jpg 300w, https:\/\/healing-pyramid-center.com\/wp-content\/uploads\/2013\/07\/healingpyramid.jpg 1500w\" sizes=\"auto, (max-width: 1024px) 100vw, 1024px\" \/><\/p>\n<p>&nbsp;<\/p>\n<p>&nbsp;<\/p>\n<p style=\"text-align: center;\"><a href=\"https:\/\/iframewidth=560height=315src=\/\/www.youtube.com\/embed\/Z5TlojQRBsM?rel=0frameborder=0allowfullscreen\/iframe\"><iframe loading=\"lazy\" src=\"\/\/www.youtube.com\/embed\/Z5TlojQRBsM?rel=0\" width=\"560\" height=\"315\" frameborder=\"0\" allowfullscreen=\"allowfullscreen\"><\/iframe><\/a><\/p>\n<p>&nbsp;<\/p>\n<p>&nbsp;<\/p>\n<p>&nbsp;<\/p>\n<p>&nbsp;<\/p>\n<p>&nbsp;<\/p>\n<p>&nbsp;<\/p>\n<p style=\"text-align: center;\"><img loading=\"lazy\" decoding=\"async\" class=\"wp-image-33 size-medium\" src=\"https:\/\/healing-pyramid-center.com\/wp-content\/uploads\/2013\/07\/PHI-Logo.-265x300.jpg\" alt=\"PHI-Logo.\" width=\"265\" height=\"300\" srcset=\"https:\/\/healing-pyramid-center.com\/wp-content\/uploads\/2013\/07\/PHI-Logo.-265x300.jpg 265w, https:\/\/healing-pyramid-center.com\/wp-content\/uploads\/2013\/07\/PHI-Logo..jpg 344w\" sizes=\"auto, (max-width: 265px) 100vw, 265px\" \/><\/p>\n<p style=\"text-align: center;\">Impressum:<\/p>\n<p style=\"text-align: center;\">PHI Essences BV<\/p>\n<p style=\"text-align: center;\">Direktor: Andreas Korte<\/p>\n<p style=\"text-align: center;\">Rijksweg Zuid 1<\/p>\n<p style=\"text-align: center;\">5951 AM Belfeld<\/p>\n<p style=\"text-align: center;\">Niederlanden<\/p>\n<p style=\"text-align: center;\">E-Mail: info@phiessences.com<\/p>\n<p style=\"text-align: center;\">UST-Nr. NL 8122.13.142.B01<\/p>\n<p style=\"text-align: center;\">www.PHIessences.com<\/p>\n","protected":false},"excerpt":{"rendered":"<p>&nbsp; &nbsp; &nbsp; &nbsp; Encuentro con los Delfines, Tenerife 13-17 de febrero 2023, Espa\u00f1ol Nuevo: En una antigua chapilla encima de una pyramide historica tenemeos la posibilidad de tratamientos individuales con el HLT\u00ae despues del curso (80 EUROS). &nbsp; &nbsp; Curso experiencial en la naturaleza 5 d\u00edas para descubrir la ENERGIA de los DELFINES y&hellip;<a href=\"https:\/\/healing-pyramid-center.com\/?page_id=154\" class=\"button\">Read more <span class=\"screen-reader-text\">Espa\u00f1ol<\/span><\/a><\/p>\n","protected":false},"author":1,"featured_media":0,"parent":0,"menu_order":1,"comment_status":"closed","ping_status":"closed","template":"","meta":{"footnotes":""},"class_list":["post-154","page","type-page","status-publish","hentry"],"_links":{"self":[{"href":"https:\/\/healing-pyramid-center.com\/index.php?rest_route=\/wp\/v2\/pages\/154","targetHints":{"allow":["GET"]}}],"collection":[{"href":"https:\/\/healing-pyramid-center.com\/index.php?rest_route=\/wp\/v2\/pages"}],"about":[{"href":"https:\/\/healing-pyramid-center.com\/index.php?rest_route=\/wp\/v2\/types\/page"}],"author":[{"embeddable":true,"href":"https:\/\/healing-pyramid-center.com\/index.php?rest_route=\/wp\/v2\/users\/1"}],"replies":[{"embeddable":true,"href":"https:\/\/healing-pyramid-center.com\/index.php?rest_route=%2Fwp%2Fv2%2Fcomments&post=154"}],"version-history":[{"count":17,"href":"https:\/\/healing-pyramid-center.com\/index.php?rest_route=\/wp\/v2\/pages\/154\/revisions"}],"predecessor-version":[{"id":382,"href":"https:\/\/healing-pyramid-center.com\/index.php?rest_route=\/wp\/v2\/pages\/154\/revisions\/382"}],"wp:attachment":[{"href":"https:\/\/healing-pyramid-center.com\/index.php?rest_route=%2Fwp%2Fv2%2Fmedia&parent=154"}],"curies":[{"name":"wp","href":"https:\/\/api.w.org\/{rel}","templated":true}]}}